{"id":7112,"date":"2020-07-28T21:20:42","date_gmt":"2020-07-28T21:20:42","guid":{"rendered":"https:\/\/www.iru.com.mx\/content\/?post_type=product&#038;p=7112"},"modified":"2023-05-04T20:18:54","modified_gmt":"2023-05-04T20:18:54","slug":"manijas-laton-5709-niquel-mate-iranzo","status":"publish","type":"product","link":"https:\/\/www.iru.com.mx\/content\/producto\/manijas-laton-5709-niquel-mate-iranzo\/","title":{"rendered":"Manijas Lat\u00f3n 5709 N\u00edquel Mate | Iranzo"},"content":{"rendered":"","protected":false},"excerpt":{"rendered":"<p>Manijas Lat\u00f3n 5709 N\u00edquel Mate<\/p>\n","protected":false},"featured_media":7113,"template":"","meta":[],"product_cat":[292],"product_tag":[291,118,293],"_links":{"self":[{"href":"https:\/\/www.iru.com.mx\/content\/wp-json\/wp\/v3\/product\/7112"}],"collection":[{"href":"https:\/\/www.iru.com.mx\/content\/wp-json\/wp\/v3\/product"}],"about":[{"href":"https:\/\/www.iru.com.mx\/content\/wp-json\/wp\/v2\/types\/product"}],"version-history":[{"count":1,"href":"https:\/\/www.iru.com.mx\/content\/wp-json\/wp\/v3\/product\/7112\/revisions"}],"predecessor-version":[{"id":7114,"href":"https:\/\/www.iru.com.mx\/content\/wp-json\/wp\/v3\/product\/7112\/revisions\/7114"}],"wp:featuredmedia":[{"embeddable":true,"href":"https:\/\/www.iru.com.mx\/content\/wp-json\/wp\/v2\/media\/7113"}],"wp:attachment":[{"href":"https:\/\/www.iru.com.mx\/content\/wp-json\/wp\/v2\/media?parent=7112"}],"wp:term":[{"taxonomy":"product_cat","embeddable":true,"href":"https:\/\/www.iru.com.mx\/content\/wp-json\/wp\/v2\/product_cat?post=7112"},{"taxonomy":"product_tag","embeddable":true,"href":"https:\/\/www.iru.com.mx\/content\/wp-json\/wp\/v2\/product_tag?post=7112"}],"curies":[{"name":"wp","href":"https:\/\/api.w.org\/{rel}","templated":true}]}}