{"id":6978,"date":"2020-07-22T17:44:37","date_gmt":"2020-07-22T17:44:37","guid":{"rendered":"https:\/\/www.iru.com.mx\/content\/?post_type=product&#038;p=6978"},"modified":"2023-05-04T20:24:33","modified_gmt":"2023-05-04T20:24:33","slug":"cerradura-de-palanca-701-azbe","status":"publish","type":"product","link":"https:\/\/www.iru.com.mx\/content\/producto\/cerradura-de-palanca-701-azbe\/","title":{"rendered":"Cerradura de Palanca 701 | Azbe"},"content":{"rendered":"","protected":false},"excerpt":{"rendered":"<p>Caracter\u00edsticas: Caja cerrada, S\u00f3lo palanca, Dimensiones Y50-X80, Acabado Lat\u00f3n o N\u00edquel.<\/p>\n","protected":false},"featured_media":0,"template":"","meta":[],"product_cat":[303],"product_tag":[316,129,232,214],"_links":{"self":[{"href":"https:\/\/www.iru.com.mx\/content\/wp-json\/wp\/v3\/product\/6978"}],"collection":[{"href":"https:\/\/www.iru.com.mx\/content\/wp-json\/wp\/v3\/product"}],"about":[{"href":"https:\/\/www.iru.com.mx\/content\/wp-json\/wp\/v2\/types\/product"}],"version-history":[{"count":1,"href":"https:\/\/www.iru.com.mx\/content\/wp-json\/wp\/v3\/product\/6978\/revisions"}],"predecessor-version":[{"id":6979,"href":"https:\/\/www.iru.com.mx\/content\/wp-json\/wp\/v3\/product\/6978\/revisions\/6979"}],"wp:attachment":[{"href":"https:\/\/www.iru.com.mx\/content\/wp-json\/wp\/v2\/media?parent=6978"}],"wp:term":[{"taxonomy":"product_cat","embeddable":true,"href":"https:\/\/www.iru.com.mx\/content\/wp-json\/wp\/v2\/product_cat?post=6978"},{"taxonomy":"product_tag","embeddable":true,"href":"https:\/\/www.iru.com.mx\/content\/wp-json\/wp\/v2\/product_tag?post=6978"}],"curies":[{"name":"wp","href":"https:\/\/api.w.org\/{rel}","templated":true}]}}