{"id":6966,"date":"2020-07-22T16:50:19","date_gmt":"2020-07-22T16:50:19","guid":{"rendered":"https:\/\/www.iru.com.mx\/content\/?post_type=product&#038;p=6966"},"modified":"2023-05-04T20:25:43","modified_gmt":"2023-05-04T20:25:43","slug":"cilindro-de-seguridad-hs-7","status":"publish","type":"product","link":"https:\/\/www.iru.com.mx\/content\/producto\/cilindro-de-seguridad-hs-7\/","title":{"rendered":"Cilindro de Seguridad HS-7 | Azbe"},"content":{"rendered":"","protected":false},"excerpt":{"rendered":"<p>Caracter\u00edsticas: Cilindro de Alta Seguridad, 6 Pitones antiganz\u00faa cargados a muelle, Acabado en Lat\u00f3n o N\u00edquel Mate. Medidas: 1\/2 Cil: 30-10, Llave-Llave: 60, 70, 80, 90, 100 y 120mm., Llave Mariposa: 60, 70, 80, 90, 100 y 120mm.<\/p>\n","protected":false},"featured_media":0,"template":"","meta":[],"product_cat":[127],"product_tag":[316,130,126],"_links":{"self":[{"href":"https:\/\/www.iru.com.mx\/content\/wp-json\/wp\/v3\/product\/6966"}],"collection":[{"href":"https:\/\/www.iru.com.mx\/content\/wp-json\/wp\/v3\/product"}],"about":[{"href":"https:\/\/www.iru.com.mx\/content\/wp-json\/wp\/v2\/types\/product"}],"version-history":[{"count":1,"href":"https:\/\/www.iru.com.mx\/content\/wp-json\/wp\/v3\/product\/6966\/revisions"}],"predecessor-version":[{"id":6967,"href":"https:\/\/www.iru.com.mx\/content\/wp-json\/wp\/v3\/product\/6966\/revisions\/6967"}],"wp:attachment":[{"href":"https:\/\/www.iru.com.mx\/content\/wp-json\/wp\/v2\/media?parent=6966"}],"wp:term":[{"taxonomy":"product_cat","embeddable":true,"href":"https:\/\/www.iru.com.mx\/content\/wp-json\/wp\/v2\/product_cat?post=6966"},{"taxonomy":"product_tag","embeddable":true,"href":"https:\/\/www.iru.com.mx\/content\/wp-json\/wp\/v2\/product_tag?post=6966"}],"curies":[{"name":"wp","href":"https:\/\/api.w.org\/{rel}","templated":true}]}}