{"id":6962,"date":"2020-07-22T16:44:40","date_gmt":"2020-07-22T16:44:40","guid":{"rendered":"https:\/\/www.iru.com.mx\/content\/?post_type=product&#038;p=6962"},"modified":"2023-05-04T20:25:44","modified_gmt":"2023-05-04T20:25:44","slug":"cerradura-de-alta-seguridad-de-embutir-8913-azbe","status":"publish","type":"product","link":"https:\/\/www.iru.com.mx\/content\/producto\/cerradura-de-alta-seguridad-de-embutir-8913-azbe\/","title":{"rendered":"Cerradura de Alta Seguridad de Embutir 8913 | Azbe"},"content":{"rendered":"","protected":false},"excerpt":{"rendered":"<p>Caracter\u00edsticas: Caja Cerrada, S\u00f3lo palanca de tres bulones de acero, Dos vueltas de llave, No lleva p\u00eccaporte, Dimensiones de Y50-X80, Acabado en frente Lat\u00f3n y Niquelado.<\/p>\n","protected":false},"featured_media":0,"template":"","meta":[],"product_cat":[15],"product_tag":[316,129,211,210],"_links":{"self":[{"href":"https:\/\/www.iru.com.mx\/content\/wp-json\/wp\/v3\/product\/6962"}],"collection":[{"href":"https:\/\/www.iru.com.mx\/content\/wp-json\/wp\/v3\/product"}],"about":[{"href":"https:\/\/www.iru.com.mx\/content\/wp-json\/wp\/v2\/types\/product"}],"version-history":[{"count":1,"href":"https:\/\/www.iru.com.mx\/content\/wp-json\/wp\/v3\/product\/6962\/revisions"}],"predecessor-version":[{"id":6963,"href":"https:\/\/www.iru.com.mx\/content\/wp-json\/wp\/v3\/product\/6962\/revisions\/6963"}],"wp:attachment":[{"href":"https:\/\/www.iru.com.mx\/content\/wp-json\/wp\/v2\/media?parent=6962"}],"wp:term":[{"taxonomy":"product_cat","embeddable":true,"href":"https:\/\/www.iru.com.mx\/content\/wp-json\/wp\/v2\/product_cat?post=6962"},{"taxonomy":"product_tag","embeddable":true,"href":"https:\/\/www.iru.com.mx\/content\/wp-json\/wp\/v2\/product_tag?post=6962"}],"curies":[{"name":"wp","href":"https:\/\/api.w.org\/{rel}","templated":true}]}}