{"id":6862,"date":"2020-07-18T07:07:50","date_gmt":"2020-07-18T07:07:50","guid":{"rendered":"http:\/\/www.iru.com.mx\/content\/?post_type=product&#038;p=6862"},"modified":"2023-05-04T20:25:46","modified_gmt":"2023-05-04T20:25:46","slug":"a-2-bi-manillon-de-laton-bronce-ingles-iranzo","status":"publish","type":"product","link":"https:\/\/www.iru.com.mx\/content\/producto\/a-2-bi-manillon-de-laton-bronce-ingles-iranzo\/","title":{"rendered":"A-2 BI Manill\u00f3n de Lat\u00f3n &#8211; Bronce Ingl\u00e9s | Iranzo"},"content":{"rendered":"","protected":false},"excerpt":{"rendered":"<p>Manill\u00f3n con bases de \u00d8:50 30x300mm.<\/p>\n","protected":false},"featured_media":7056,"template":"","meta":[],"product_cat":[295],"product_tag":[186,266,291],"_links":{"self":[{"href":"https:\/\/www.iru.com.mx\/content\/wp-json\/wp\/v3\/product\/6862"}],"collection":[{"href":"https:\/\/www.iru.com.mx\/content\/wp-json\/wp\/v3\/product"}],"about":[{"href":"https:\/\/www.iru.com.mx\/content\/wp-json\/wp\/v2\/types\/product"}],"version-history":[{"count":1,"href":"https:\/\/www.iru.com.mx\/content\/wp-json\/wp\/v3\/product\/6862\/revisions"}],"predecessor-version":[{"id":6863,"href":"https:\/\/www.iru.com.mx\/content\/wp-json\/wp\/v3\/product\/6862\/revisions\/6863"}],"wp:featuredmedia":[{"embeddable":true,"href":"https:\/\/www.iru.com.mx\/content\/wp-json\/wp\/v2\/media\/7056"}],"wp:attachment":[{"href":"https:\/\/www.iru.com.mx\/content\/wp-json\/wp\/v2\/media?parent=6862"}],"wp:term":[{"taxonomy":"product_cat","embeddable":true,"href":"https:\/\/www.iru.com.mx\/content\/wp-json\/wp\/v2\/product_cat?post=6862"},{"taxonomy":"product_tag","embeddable":true,"href":"https:\/\/www.iru.com.mx\/content\/wp-json\/wp\/v2\/product_tag?post=6862"}],"curies":[{"name":"wp","href":"https:\/\/api.w.org\/{rel}","templated":true}]}}