{"id":6859,"date":"2020-07-18T07:05:34","date_gmt":"2020-07-18T07:05:34","guid":{"rendered":"http:\/\/www.iru.com.mx\/content\/?post_type=product&#038;p=6859"},"modified":"2023-05-04T20:25:46","modified_gmt":"2023-05-04T20:25:46","slug":"a-1-or-manillon-de-laton-oro-iranzo","status":"publish","type":"product","link":"https:\/\/www.iru.com.mx\/content\/producto\/a-1-or-manillon-de-laton-oro-iranzo\/","title":{"rendered":"A-1 Or  Manill\u00f3n de Lat\u00f3n &#8211; Oro | Iranzo"},"content":{"rendered":"","protected":false},"excerpt":{"rendered":"<p>Manill\u00f3n con bases de \u00d8:50 30x300mm.<\/p>\n","protected":false},"featured_media":6860,"template":"","meta":[],"product_cat":[295],"product_tag":[186,266,291],"_links":{"self":[{"href":"https:\/\/www.iru.com.mx\/content\/wp-json\/wp\/v3\/product\/6859"}],"collection":[{"href":"https:\/\/www.iru.com.mx\/content\/wp-json\/wp\/v3\/product"}],"about":[{"href":"https:\/\/www.iru.com.mx\/content\/wp-json\/wp\/v2\/types\/product"}],"version-history":[{"count":1,"href":"https:\/\/www.iru.com.mx\/content\/wp-json\/wp\/v3\/product\/6859\/revisions"}],"predecessor-version":[{"id":6861,"href":"https:\/\/www.iru.com.mx\/content\/wp-json\/wp\/v3\/product\/6859\/revisions\/6861"}],"wp:featuredmedia":[{"embeddable":true,"href":"https:\/\/www.iru.com.mx\/content\/wp-json\/wp\/v2\/media\/6860"}],"wp:attachment":[{"href":"https:\/\/www.iru.com.mx\/content\/wp-json\/wp\/v2\/media?parent=6859"}],"wp:term":[{"taxonomy":"product_cat","embeddable":true,"href":"https:\/\/www.iru.com.mx\/content\/wp-json\/wp\/v2\/product_cat?post=6859"},{"taxonomy":"product_tag","embeddable":true,"href":"https:\/\/www.iru.com.mx\/content\/wp-json\/wp\/v2\/product_tag?post=6859"}],"curies":[{"name":"wp","href":"https:\/\/api.w.org\/{rel}","templated":true}]}}