{"id":6696,"date":"2020-07-16T23:42:05","date_gmt":"2020-07-16T23:42:05","guid":{"rendered":"http:\/\/www.iru.com.mx\/content\/?post_type=product&#038;p=6696"},"modified":"2023-05-04T20:29:46","modified_gmt":"2023-05-04T20:29:46","slug":"9875-nm-manillon-de-laton-niquel-mate-tecosur","status":"publish","type":"product","link":"https:\/\/www.iru.com.mx\/content\/producto\/9875-nm-manillon-de-laton-niquel-mate-tecosur\/","title":{"rendered":"9875 NM Manill\u00f3n de Lat\u00f3n N\u00edquel Mate | Tecosur"},"content":{"rendered":"","protected":false},"excerpt":{"rendered":"<p>Tirador de 200mm. sobre dobles soportes circulares de 60mm.<\/p>\n","protected":false},"featured_media":6697,"template":"","meta":[],"product_cat":[265],"product_tag":[186,266,257],"_links":{"self":[{"href":"https:\/\/www.iru.com.mx\/content\/wp-json\/wp\/v3\/product\/6696"}],"collection":[{"href":"https:\/\/www.iru.com.mx\/content\/wp-json\/wp\/v3\/product"}],"about":[{"href":"https:\/\/www.iru.com.mx\/content\/wp-json\/wp\/v2\/types\/product"}],"version-history":[{"count":1,"href":"https:\/\/www.iru.com.mx\/content\/wp-json\/wp\/v3\/product\/6696\/revisions"}],"predecessor-version":[{"id":6698,"href":"https:\/\/www.iru.com.mx\/content\/wp-json\/wp\/v3\/product\/6696\/revisions\/6698"}],"wp:featuredmedia":[{"embeddable":true,"href":"https:\/\/www.iru.com.mx\/content\/wp-json\/wp\/v2\/media\/6697"}],"wp:attachment":[{"href":"https:\/\/www.iru.com.mx\/content\/wp-json\/wp\/v2\/media?parent=6696"}],"wp:term":[{"taxonomy":"product_cat","embeddable":true,"href":"https:\/\/www.iru.com.mx\/content\/wp-json\/wp\/v2\/product_cat?post=6696"},{"taxonomy":"product_tag","embeddable":true,"href":"https:\/\/www.iru.com.mx\/content\/wp-json\/wp\/v2\/product_tag?post=6696"}],"curies":[{"name":"wp","href":"https:\/\/api.w.org\/{rel}","templated":true}]}}