{"id":6665,"date":"2020-07-16T20:18:26","date_gmt":"2020-07-16T20:18:26","guid":{"rendered":"http:\/\/www.iru.com.mx\/content\/?post_type=product&#038;p=6665"},"modified":"2023-05-04T20:29:48","modified_gmt":"2023-05-04T20:29:48","slug":"81128p-inox-aisi-316-solido-tecosur","status":"publish","type":"product","link":"https:\/\/www.iru.com.mx\/content\/producto\/81128p-inox-aisi-316-solido-tecosur\/","title":{"rendered":"81128P Inox AISI 316 S\u00f3lido | Tecosur"},"content":{"rendered":"","protected":false},"excerpt":{"rendered":"<p>Tirador \u00d8:20 mm de 128mm. sobre placa de 150x180mm., con fijaci\u00f3n oculta.<\/p>\n","protected":false},"featured_media":6666,"template":"","meta":[],"product_cat":[262],"product_tag":[186,263,257],"_links":{"self":[{"href":"https:\/\/www.iru.com.mx\/content\/wp-json\/wp\/v3\/product\/6665"}],"collection":[{"href":"https:\/\/www.iru.com.mx\/content\/wp-json\/wp\/v3\/product"}],"about":[{"href":"https:\/\/www.iru.com.mx\/content\/wp-json\/wp\/v2\/types\/product"}],"version-history":[{"count":1,"href":"https:\/\/www.iru.com.mx\/content\/wp-json\/wp\/v3\/product\/6665\/revisions"}],"predecessor-version":[{"id":6667,"href":"https:\/\/www.iru.com.mx\/content\/wp-json\/wp\/v3\/product\/6665\/revisions\/6667"}],"wp:featuredmedia":[{"embeddable":true,"href":"https:\/\/www.iru.com.mx\/content\/wp-json\/wp\/v2\/media\/6666"}],"wp:attachment":[{"href":"https:\/\/www.iru.com.mx\/content\/wp-json\/wp\/v2\/media?parent=6665"}],"wp:term":[{"taxonomy":"product_cat","embeddable":true,"href":"https:\/\/www.iru.com.mx\/content\/wp-json\/wp\/v2\/product_cat?post=6665"},{"taxonomy":"product_tag","embeddable":true,"href":"https:\/\/www.iru.com.mx\/content\/wp-json\/wp\/v2\/product_tag?post=6665"}],"curies":[{"name":"wp","href":"https:\/\/api.w.org\/{rel}","templated":true}]}}