{"id":6660,"date":"2020-07-16T20:11:38","date_gmt":"2020-07-16T20:11:38","guid":{"rendered":"http:\/\/www.iru.com.mx\/content\/?post_type=product&#038;p=6660"},"modified":"2023-05-04T20:29:48","modified_gmt":"2023-05-04T20:29:48","slug":"82200sr-inox-aisi-304-solido-tecosur","status":"publish","type":"product","link":"https:\/\/www.iru.com.mx\/content\/producto\/82200sr-inox-aisi-304-solido-tecosur\/","title":{"rendered":"82200SR Inox AISI 304 S\u00f3lido | Tecosur"},"content":{"rendered":"","protected":false},"excerpt":{"rendered":"<p>Tirador \u00d8:20 mm de 200 mm con fijaci\u00f3n oculta.<\/p>\n","protected":false},"featured_media":6661,"template":"","meta":[],"product_cat":[262],"product_tag":[186,185,257],"_links":{"self":[{"href":"https:\/\/www.iru.com.mx\/content\/wp-json\/wp\/v3\/product\/6660"}],"collection":[{"href":"https:\/\/www.iru.com.mx\/content\/wp-json\/wp\/v3\/product"}],"about":[{"href":"https:\/\/www.iru.com.mx\/content\/wp-json\/wp\/v2\/types\/product"}],"version-history":[{"count":1,"href":"https:\/\/www.iru.com.mx\/content\/wp-json\/wp\/v3\/product\/6660\/revisions"}],"predecessor-version":[{"id":6662,"href":"https:\/\/www.iru.com.mx\/content\/wp-json\/wp\/v3\/product\/6660\/revisions\/6662"}],"wp:featuredmedia":[{"embeddable":true,"href":"https:\/\/www.iru.com.mx\/content\/wp-json\/wp\/v2\/media\/6661"}],"wp:attachment":[{"href":"https:\/\/www.iru.com.mx\/content\/wp-json\/wp\/v2\/media?parent=6660"}],"wp:term":[{"taxonomy":"product_cat","embeddable":true,"href":"https:\/\/www.iru.com.mx\/content\/wp-json\/wp\/v2\/product_cat?post=6660"},{"taxonomy":"product_tag","embeddable":true,"href":"https:\/\/www.iru.com.mx\/content\/wp-json\/wp\/v2\/product_tag?post=6660"}],"curies":[{"name":"wp","href":"https:\/\/api.w.org\/{rel}","templated":true}]}}