{"id":6636,"date":"2020-07-16T18:42:07","date_gmt":"2020-07-16T18:42:07","guid":{"rendered":"http:\/\/www.iru.com.mx\/content\/?post_type=product&#038;p=6636"},"modified":"2023-05-04T20:31:43","modified_gmt":"2023-05-04T20:31:43","slug":"8105-c-boc-85mm-8101-inox-aisi-304-solido-tecosur","status":"publish","type":"product","link":"https:\/\/www.iru.com.mx\/content\/producto\/8105-c-boc-85mm-8101-inox-aisi-304-solido-tecosur\/","title":{"rendered":"8105 C\/Boc. 85mm. (8101 Inox AISI 304 S\u00f3lido) | Tecosur"},"content":{"rendered":"","protected":false},"excerpt":{"rendered":"<p>Manilla sobre placa de 245 \u00d7 50 mm. Torniller\u00eda de fijaci\u00f3n oculta.<\/p>\n","protected":false},"featured_media":7052,"template":"","meta":[],"product_cat":[261],"product_tag":[118,260,257],"_links":{"self":[{"href":"https:\/\/www.iru.com.mx\/content\/wp-json\/wp\/v3\/product\/6636"}],"collection":[{"href":"https:\/\/www.iru.com.mx\/content\/wp-json\/wp\/v3\/product"}],"about":[{"href":"https:\/\/www.iru.com.mx\/content\/wp-json\/wp\/v2\/types\/product"}],"version-history":[{"count":1,"href":"https:\/\/www.iru.com.mx\/content\/wp-json\/wp\/v3\/product\/6636\/revisions"}],"predecessor-version":[{"id":6637,"href":"https:\/\/www.iru.com.mx\/content\/wp-json\/wp\/v3\/product\/6636\/revisions\/6637"}],"wp:featuredmedia":[{"embeddable":true,"href":"https:\/\/www.iru.com.mx\/content\/wp-json\/wp\/v2\/media\/7052"}],"wp:attachment":[{"href":"https:\/\/www.iru.com.mx\/content\/wp-json\/wp\/v2\/media?parent=6636"}],"wp:term":[{"taxonomy":"product_cat","embeddable":true,"href":"https:\/\/www.iru.com.mx\/content\/wp-json\/wp\/v2\/product_cat?post=6636"},{"taxonomy":"product_tag","embeddable":true,"href":"https:\/\/www.iru.com.mx\/content\/wp-json\/wp\/v2\/product_tag?post=6636"}],"curies":[{"name":"wp","href":"https:\/\/api.w.org\/{rel}","templated":true}]}}